{"id":693,"date":"2024-12-10T14:30:34","date_gmt":"2024-12-10T13:30:34","guid":{"rendered":"https:\/\/kruszynek.eu\/?page_id=693"},"modified":"2024-12-10T14:30:36","modified_gmt":"2024-12-10T13:30:36","slug":"polityka-prywatnosci-2","status":"publish","type":"page","link":"https:\/\/kruszynek.eu\/index.php\/polityka-prywatnosci-2\/","title":{"rendered":"Polityka prywatno\u015bci"},"content":{"rendered":"\n<ol class=\"wp-block-list\">\n<li>Korzystaj\u0105c ze strony internetowej <strong>www.kruszynek.eu<\/strong> (zwana dalej tak\u017ce stron\u0105 internetow\u0105) akceptujesz zasady zawarte w\u00a0niniejszej Polityce Prywatno\u015bci.<\/li>\n\n\n\n<li>Dane zebrane przez Serwis b\u0119d\u0105 przetwarzane s\u0105\u00a0na zasadach okre\u015blonych w przepisach o ochronie danych osobowych, w tym w rozporz\u0105dzeniu Parlamentu Europejskiego i Rady (UE) 2016\/679 z dnia 27 kwietnia 2016 r. w sprawie ochrony os\u00f3b fizycznych w zwi\u0105zku z przetwarzaniem danych osobowych i w sprawie swobodnego przep\u0142ywu takich danych oraz uchylenia dyrektywy 95\/46\/WE (og\u00f3lne rozporz\u0105dzenie o ochronie danych) (\u201eRODO\u201d) oraz w polskich przepisach wydanych w zwi\u0105zku z RODO, w tym ustawie z dnia 10 maja 2018 r. o ochronie danych osobowych.<\/li>\n\n\n\n<li>Korzystanie ze strony internetowej\u00a0 www.kruszynek.eu\u00a0nie wymaga podania danych osobowych.\u00a0<\/li>\n\n\n\n<li>BIOaid sp\u00f3\u0142ka z ograniczon\u0105 odpowiedzialno\u015bci (zwana dalej tak\u017ce BIOaid) gromadzi informacje pozyskiwane automatycznie, dotycz\u0105ce adres\u00f3w IP u\u017cytkownik\u00f3w odwiedzaj\u0105cych stron\u0119\u00a0<strong>www.kruszynek.eu <\/strong>\u00a0i\u00a0korzystaj\u0105cych z\u00a0us\u0142ug \u015bwiadczonych w\u00a0ramach w\/w strony internetowej, w celu zebrania informacji s\u0142u\u017c\u0105cej administrowaniu w\/w stron\u0105 internetow\u0105, analizom statystyki odwiedzin, ustaleniu, kt\u00f3re strony odwiedzane s\u0105 najcz\u0119\u015bciej, okre\u015bleniu poziomu funkcjonalno\u015bci stron Serwisu.<\/li>\n\n\n\n<li>Informacje dotycz\u0105ce IP u\u017cytkownik\u00f3w mog\u0105 zosta\u0107 przekazane uprawnionym organom pa\u0144stwa lub na\u00a0podstawie orzecze\u0144 w\u0142a\u015bciwych organ\u00f3w pa\u0144stwa.<\/li>\n\n\n\n<li>BIOaid sp. z o. o. nie sprzedaje i\u00a0nie udost\u0119pnia zebranych przez siebie danych oraz adresowych osobom trzecim. Ka\u017cdy ma prawo do\u00a0wgl\u0105du, zmiany i\u00a0usuni\u0119cia swoich danych osobowych z\u00a0bazy danych.<\/li>\n\n\n\n<li>Zmiany wprowadzane przez BIOaid do Polityki Prywatno\u015bci w przysz\u0142o\u015bci b\u0119d\u0105 publikowane na stronie BIOaid.\u00a0<\/li>\n<\/ol>\n\n\n\n<p><strong>COOKIES<\/strong><\/p>\n\n\n\n<p>tzw. cookies, (tzw. \u201eciasteczka\u201d), stanowi\u0105 dane informatyczne, w szczeg\u00f3lno\u015bci pliki tekstowe, kt\u00f3re przechowywane s\u0105 w urz\u0105dzeniu ko\u0144cowym (np. na komputerze) i przeznaczone s\u0105 do korzystania ze stron internetowych serwisu. Cookies zazwyczaj zawieraj\u0105 nazw\u0119 strony internetowej, z kt\u00f3rej pochodz\u0105, czas przechowywania ich na urz\u0105dzeniu ko\u0144cowym oraz unikalny numer.<\/p>\n\n\n\n<p><strong>JAKIE RODZAJE PLIK\u00d3W COOKIES MOG\u0104 BY\u0106 STOSOWANE<\/strong><\/p>\n\n\n\n<p>a)\u201esesyjne\u201d pliki cookies, kt\u00f3re s\u0105 plikami tymczasowymi, przechowywanymi na w urz\u0105dzeniu ko\u0144cowym (np. komputerze U\u017cytkownika) do czasu wylogowania, opuszczenia strony internetowej lub wy\u0142\u0105czenia oprogramowania (przegl\u0105darki internetowej);<\/p>\n\n\n\n<p>b) \u201esta\u0142e\u201d pliki cookies, kt\u00f3re przechowywane s\u0105 w urz\u0105dzeniu ko\u0144cowym (np. komputerze U\u017cytkownika) przez czas okre\u015blony w parametrach plik\u00f3w cookies lub do czasu ich usuni\u0119cia przez U\u017cytkownika;<\/p>\n\n\n\n<p>c) \u201eniezb\u0119dne\u201d pliki cookies, umo\u017cliwiaj\u0105ce korzystanie z us\u0142ug dost\u0119pnych w ramach serwisu internetowego, np. uwierzytelniaj\u0105ce pliki cookies, wykorzystywane do us\u0142ug wymagaj\u0105cych uwierzytelniania w ramach serwisu;<\/p>\n\n\n\n<p>d) pliki cookies s\u0142u\u017c\u0105ce do zapewnienia bezpiecze\u0144stwa, np. wykorzystywane do wykrywania nadu\u017cy\u0107 w zakresie uwierzytelniania w ramach serwisu;<\/p>\n\n\n\n<p>e) \u201ewydajno\u015bciowe\u201d pliki cookies, umo\u017cliwiaj\u0105ce zbieranie informacji o sposobie korzystania ze stron internetowych;<\/p>\n\n\n\n<p>f) \u201efunkcjonalne\u201d pliki cookies, umo\u017cliwiaj\u0105ce \u201ezapami\u0119tanie\u201d wybranych przez U\u017cytkownika ustawie\u0144 i personalizacj\u0119 U\u017cytkownika interfejsu, np. w zakresie wybranego j\u0119zyka lub regionu, rozmiaru czcionki, wygl\u0105du strony internetowej itp.;<\/p>\n\n\n\n<p>g) pliki cookies, kt\u00f3re umo\u017cliwiaj\u0105 zabieranie informacji o sposobie korzystania ze stron internetowych serwisu,<\/p>\n\n\n\n<p>h) \u201ereklamowe\u201d pliki cookies, kt\u00f3re umo\u017cliwiaj\u0105 dostarczanie u\u017cytkownikom tre\u015bci reklamowych bardziej dostosowanych do ich zainteresowa\u0144.<\/p>\n\n\n\n<p><strong>W JAKIM CELU WYKORZYSTYWANE S\u0104 PLIKI COOKIES<\/strong><\/p>\n\n\n\n<p>a) by dostosowa\u0107 zawarto\u015b\u0107 stron serwis\u00f3w internetowych do preferencji U\u017cytkowania oraz tzw. optymalizacji korzystania przez U\u017cytkownika ze stron internetowych; w szczeg\u00f3lno\u015bci pliki te pozwalaj\u0105 rozpozna\u0107 urz\u0105dzenie U\u017cytkownika strony internetowej i wy\u015bwietli\u0107 t\u0119 stron\u0119 internetow\u0105, kt\u00f3ra dostosowana jest do indywidualnych potrzeb U\u017cytkownika,<\/p>\n\n\n\n<p>b) by, poprzez statystyki, ustali\u0107 i zrozumie\u0107, w jaki spos\u00f3b U\u017cytkownik strony internetowej z niej korzysta, w celu ulepszenia zawarto\u015bci i struktury,<\/p>\n\n\n\n<p>c) by mo\u017cna by\u0142o utrzyma\u0107 sesj\u0119 U\u017cytkownika strony internetowej po zalogowaniu, dzi\u0119ki czemu nie na ka\u017cdej podstronie nie trzeba ponownie wpisywa\u0107 loginu i has\u0142a,<\/p>\n\n\n\n<p>d) by dostarczy\u0107 reklamy, najbardziej dostosowanych do zapotrzebowa\u0144 i zainteresowa\u0144 U\u017cytkownika<\/p>\n\n\n\n<p>Wielokrotnie oprogramowanie, kt\u00f3re s\u0142u\u017cy do przegl\u0105dania stron internetowych (przegl\u0105darka internetowa) domy\u015blnie dopuszcza przechowywanie plik\u00f3w cookies w urz\u0105dzeniu ko\u0144cowym U\u017cytkownika. Jako U\u017cytkownik strony internetowej mo\u017cna dokona\u0107 w ka\u017cdym czasie zmiany ustawie\u0144 dotycz\u0105cych plik\u00f3w cookies. Ustawienia te mog\u0105 zosta\u0107 zmienione w szczeg\u00f3lno\u015bci w taki spos\u00f3b, aby blokowa\u0107 automatyczn\u0105 obs\u0142ug\u0119 plik\u00f3w cookies w ustawieniach przegl\u0105darki internetowej b\u0105d\u017a informowa\u0107 o ich ka\u017cdorazowym zamieszczeniu w urz\u0105dzeniu U\u017cytkownika. Szczeg\u00f3\u0142owe informacje o mo\u017cliwo\u015bci i sposobach obs\u0142ugi plik\u00f3w cookies dost\u0119pne s\u0105 w ustawieniach oprogramowania (przegl\u0105darki internetowej). Brak zmian ustawie\u0144 w zakresie cookies oznacza, \u017ce b\u0119d\u0105 one zamieszczone w urz\u0105dzeniu ko\u0144cowym U\u017cytkownika.&nbsp;<\/p>\n\n\n\n<p>Ograniczenia stosowania plik\u00f3w cookies mog\u0105 wp\u0142yn\u0105\u0107 lub utrudni\u0107 korzystanie z niekt\u00f3rych funkcjonalno\u015bci dost\u0119pnych na stronie internetowej,&nbsp;np. wymagaj\u0105cych logowania. Jednak\u017ce wy\u0142\u0105czenie opcji przyjmowania cookies nie spowoduje braku mo\u017cliwo\u015bci czytania lub ogl\u0105dania tre\u015bci zamieszczanych na stronie internetowej.<\/p>\n\n\n\n<p>Zastrzegam mo\u017cliwo\u015b\u0107 wprowadzania zmian w niniejszej Polityce Prywatno\u015bci.<\/p>\n\n\n\n<p>W razie pyta\u0144 lub jakichkolwiek w\u0105tpliwo\u015bci, co do tej Polityki Prywatno\u015bci, prosz\u0119 o wiadomo\u015b\u0107 na adres:&nbsp;kontakt@bioaid.pl<\/p>\n","protected":false},"excerpt":{"rendered":"<p>COOKIES tzw. cookies, (tzw. \u201eciasteczka\u201d), stanowi\u0105 dane informatyczne, w szczeg\u00f3lno\u015bci pliki tekstowe, kt\u00f3re przechowywane s\u0105 w urz\u0105dzeniu ko\u0144cowym (np. na komputerze) i przeznaczone s\u0105 do korzystania ze stron internetowych serwisu. Cookies zazwyczaj zawieraj\u0105 nazw\u0119 strony internetowej, z kt\u00f3rej pochodz\u0105, czas przechowywania ich na urz\u0105dzeniu ko\u0144cowym oraz unikalny numer. JAKIE RODZAJE PLIK\u00d3W COOKIES MOG\u0104 BY\u0106 STOSOWANE&hellip;&nbsp;<a href=\"https:\/\/kruszynek.eu\/index.php\/polityka-prywatnosci-2\/\" rel=\"bookmark\">Dowiedz si\u0119 wi\u0119cej &raquo;<span class=\"screen-reader-text\">Polityka prywatno\u015bci<\/span><\/a><\/p>\n","protected":false},"author":1,"featured_media":0,"parent":0,"menu_order":0,"comment_status":"closed","ping_status":"closed","template":"","meta":{"_monsterinsights_skip_tracking":false,"_monsterinsights_sitenote_active":false,"_monsterinsights_sitenote_note":"","_monsterinsights_sitenote_category":0,"neve_meta_sidebar":"","neve_meta_container":"","neve_meta_enable_content_width":"","neve_meta_content_width":0,"neve_meta_title_alignment":"","neve_meta_author_avatar":"","neve_post_elements_order":"","neve_meta_disable_header":"","neve_meta_disable_footer":"","neve_meta_disable_title":"","footnotes":""},"class_list":["post-693","page","type-page","status-publish","hentry"],"yoast_head":"<!-- This site is optimized with the Yoast SEO plugin v27.5 - https:\/\/yoast.com\/product\/yoast-seo-wordpress\/ -->\n<title>Polityka prywatno\u015bci - BIO-Kruszynek<\/title>\n<meta name=\"robots\" content=\"index, follow, max-snippet:-1, max-image-preview:large, max-video-preview:-1\" \/>\n<link rel=\"canonical\" href=\"https:\/\/kruszynek.eu\/index.php\/polityka-prywatnosci-2\/\" \/>\n<meta property=\"og:locale\" content=\"pl_PL\" \/>\n<meta property=\"og:type\" content=\"article\" \/>\n<meta property=\"og:title\" content=\"Polityka prywatno\u015bci - BIO-Kruszynek\" \/>\n<meta property=\"og:description\" content=\"COOKIES tzw. cookies, (tzw. \u201eciasteczka\u201d), stanowi\u0105 dane informatyczne, w szczeg\u00f3lno\u015bci pliki tekstowe, kt\u00f3re przechowywane s\u0105 w urz\u0105dzeniu ko\u0144cowym (np. na komputerze) i przeznaczone s\u0105 do korzystania ze stron internetowych serwisu. Cookies zazwyczaj zawieraj\u0105 nazw\u0119 strony internetowej, z kt\u00f3rej pochodz\u0105, czas przechowywania ich na urz\u0105dzeniu ko\u0144cowym oraz unikalny numer. JAKIE RODZAJE PLIK\u00d3W COOKIES MOG\u0104 BY\u0106 STOSOWANE&hellip;&nbsp;Dowiedz si\u0119 wi\u0119cej &raquo;Polityka prywatno\u015bci\" \/>\n<meta property=\"og:url\" content=\"https:\/\/kruszynek.eu\/index.php\/polityka-prywatnosci-2\/\" \/>\n<meta property=\"og:site_name\" content=\"BIO-Kruszynek\" \/>\n<meta property=\"article:modified_time\" content=\"2024-12-10T13:30:36+00:00\" \/>\n<meta property=\"og:image\" content=\"https:\/\/kruszynek.eu\/wp-content\/uploads\/2024\/11\/cropped-Logo-Icona.png\" \/>\n\t<meta property=\"og:image:width\" content=\"512\" \/>\n\t<meta property=\"og:image:height\" content=\"512\" \/>\n\t<meta property=\"og:image:type\" content=\"image\/png\" \/>\n<meta name=\"twitter:card\" content=\"summary_large_image\" \/>\n<meta name=\"twitter:label1\" content=\"Szacowany czas czytania\" \/>\n\t<meta name=\"twitter:data1\" content=\"5 minut\" \/>\n<script type=\"application\/ld+json\" class=\"yoast-schema-graph\">{\"@context\":\"https:\\\/\\\/schema.org\",\"@graph\":[{\"@type\":\"WebPage\",\"@id\":\"https:\\\/\\\/kruszynek.eu\\\/index.php\\\/polityka-prywatnosci-2\\\/\",\"url\":\"https:\\\/\\\/kruszynek.eu\\\/index.php\\\/polityka-prywatnosci-2\\\/\",\"name\":\"Polityka prywatno\u015bci - BIO-Kruszynek\",\"isPartOf\":{\"@id\":\"https:\\\/\\\/kruszynek.eu\\\/#website\"},\"datePublished\":\"2024-12-10T13:30:34+00:00\",\"dateModified\":\"2024-12-10T13:30:36+00:00\",\"breadcrumb\":{\"@id\":\"https:\\\/\\\/kruszynek.eu\\\/index.php\\\/polityka-prywatnosci-2\\\/#breadcrumb\"},\"inLanguage\":\"pl-PL\",\"potentialAction\":[{\"@type\":\"ReadAction\",\"target\":[\"https:\\\/\\\/kruszynek.eu\\\/index.php\\\/polityka-prywatnosci-2\\\/\"]}]},{\"@type\":\"BreadcrumbList\",\"@id\":\"https:\\\/\\\/kruszynek.eu\\\/index.php\\\/polityka-prywatnosci-2\\\/#breadcrumb\",\"itemListElement\":[{\"@type\":\"ListItem\",\"position\":1,\"name\":\"Home\",\"item\":\"https:\\\/\\\/kruszynek.eu\\\/\"},{\"@type\":\"ListItem\",\"position\":2,\"name\":\"Polityka prywatno\u015bci\"}]},{\"@type\":\"WebSite\",\"@id\":\"https:\\\/\\\/kruszynek.eu\\\/#website\",\"url\":\"https:\\\/\\\/kruszynek.eu\\\/\",\"name\":\"BIO-Kruszynek\",\"description\":\"Kruszynek\",\"publisher\":{\"@id\":\"https:\\\/\\\/kruszynek.eu\\\/#organization\"},\"potentialAction\":[{\"@type\":\"SearchAction\",\"target\":{\"@type\":\"EntryPoint\",\"urlTemplate\":\"https:\\\/\\\/kruszynek.eu\\\/?s={search_term_string}\"},\"query-input\":{\"@type\":\"PropertyValueSpecification\",\"valueRequired\":true,\"valueName\":\"search_term_string\"}}],\"inLanguage\":\"pl-PL\"},{\"@type\":\"Organization\",\"@id\":\"https:\\\/\\\/kruszynek.eu\\\/#organization\",\"name\":\"BIOaid\",\"alternateName\":\"BIOaid\",\"url\":\"https:\\\/\\\/kruszynek.eu\\\/\",\"logo\":{\"@type\":\"ImageObject\",\"inLanguage\":\"pl-PL\",\"@id\":\"https:\\\/\\\/kruszynek.eu\\\/#\\\/schema\\\/logo\\\/image\\\/\",\"url\":\"https:\\\/\\\/kruszynek.eu\\\/wp-content\\\/uploads\\\/2024\\\/10\\\/cropped-cropped-Logo-e1730277161240-1.png\",\"contentUrl\":\"https:\\\/\\\/kruszynek.eu\\\/wp-content\\\/uploads\\\/2024\\\/10\\\/cropped-cropped-Logo-e1730277161240-1.png\",\"width\":100,\"height\":49,\"caption\":\"BIOaid\"},\"image\":{\"@id\":\"https:\\\/\\\/kruszynek.eu\\\/#\\\/schema\\\/logo\\\/image\\\/\"}}]}<\/script>\n<!-- \/ Yoast SEO plugin. -->","yoast_head_json":{"title":"Polityka prywatno\u015bci - BIO-Kruszynek","robots":{"index":"index","follow":"follow","max-snippet":"max-snippet:-1","max-image-preview":"max-image-preview:large","max-video-preview":"max-video-preview:-1"},"canonical":"https:\/\/kruszynek.eu\/index.php\/polityka-prywatnosci-2\/","og_locale":"pl_PL","og_type":"article","og_title":"Polityka prywatno\u015bci - BIO-Kruszynek","og_description":"COOKIES tzw. cookies, (tzw. \u201eciasteczka\u201d), stanowi\u0105 dane informatyczne, w szczeg\u00f3lno\u015bci pliki tekstowe, kt\u00f3re przechowywane s\u0105 w urz\u0105dzeniu ko\u0144cowym (np. na komputerze) i przeznaczone s\u0105 do korzystania ze stron internetowych serwisu. Cookies zazwyczaj zawieraj\u0105 nazw\u0119 strony internetowej, z kt\u00f3rej pochodz\u0105, czas przechowywania ich na urz\u0105dzeniu ko\u0144cowym oraz unikalny numer. JAKIE RODZAJE PLIK\u00d3W COOKIES MOG\u0104 BY\u0106 STOSOWANE&hellip;&nbsp;Dowiedz si\u0119 wi\u0119cej &raquo;Polityka prywatno\u015bci","og_url":"https:\/\/kruszynek.eu\/index.php\/polityka-prywatnosci-2\/","og_site_name":"BIO-Kruszynek","article_modified_time":"2024-12-10T13:30:36+00:00","og_image":[{"width":512,"height":512,"url":"https:\/\/kruszynek.eu\/wp-content\/uploads\/2024\/11\/cropped-Logo-Icona.png","type":"image\/png"}],"twitter_card":"summary_large_image","twitter_misc":{"Szacowany czas czytania":"5 minut"},"schema":{"@context":"https:\/\/schema.org","@graph":[{"@type":"WebPage","@id":"https:\/\/kruszynek.eu\/index.php\/polityka-prywatnosci-2\/","url":"https:\/\/kruszynek.eu\/index.php\/polityka-prywatnosci-2\/","name":"Polityka prywatno\u015bci - BIO-Kruszynek","isPartOf":{"@id":"https:\/\/kruszynek.eu\/#website"},"datePublished":"2024-12-10T13:30:34+00:00","dateModified":"2024-12-10T13:30:36+00:00","breadcrumb":{"@id":"https:\/\/kruszynek.eu\/index.php\/polityka-prywatnosci-2\/#breadcrumb"},"inLanguage":"pl-PL","potentialAction":[{"@type":"ReadAction","target":["https:\/\/kruszynek.eu\/index.php\/polityka-prywatnosci-2\/"]}]},{"@type":"BreadcrumbList","@id":"https:\/\/kruszynek.eu\/index.php\/polityka-prywatnosci-2\/#breadcrumb","itemListElement":[{"@type":"ListItem","position":1,"name":"Home","item":"https:\/\/kruszynek.eu\/"},{"@type":"ListItem","position":2,"name":"Polityka prywatno\u015bci"}]},{"@type":"WebSite","@id":"https:\/\/kruszynek.eu\/#website","url":"https:\/\/kruszynek.eu\/","name":"BIO-Kruszynek","description":"Kruszynek","publisher":{"@id":"https:\/\/kruszynek.eu\/#organization"},"potentialAction":[{"@type":"SearchAction","target":{"@type":"EntryPoint","urlTemplate":"https:\/\/kruszynek.eu\/?s={search_term_string}"},"query-input":{"@type":"PropertyValueSpecification","valueRequired":true,"valueName":"search_term_string"}}],"inLanguage":"pl-PL"},{"@type":"Organization","@id":"https:\/\/kruszynek.eu\/#organization","name":"BIOaid","alternateName":"BIOaid","url":"https:\/\/kruszynek.eu\/","logo":{"@type":"ImageObject","inLanguage":"pl-PL","@id":"https:\/\/kruszynek.eu\/#\/schema\/logo\/image\/","url":"https:\/\/kruszynek.eu\/wp-content\/uploads\/2024\/10\/cropped-cropped-Logo-e1730277161240-1.png","contentUrl":"https:\/\/kruszynek.eu\/wp-content\/uploads\/2024\/10\/cropped-cropped-Logo-e1730277161240-1.png","width":100,"height":49,"caption":"BIOaid"},"image":{"@id":"https:\/\/kruszynek.eu\/#\/schema\/logo\/image\/"}}]}},"_links":{"self":[{"href":"https:\/\/kruszynek.eu\/index.php\/wp-json\/wp\/v2\/pages\/693","targetHints":{"allow":["GET"]}}],"collection":[{"href":"https:\/\/kruszynek.eu\/index.php\/wp-json\/wp\/v2\/pages"}],"about":[{"href":"https:\/\/kruszynek.eu\/index.php\/wp-json\/wp\/v2\/types\/page"}],"author":[{"embeddable":true,"href":"https:\/\/kruszynek.eu\/index.php\/wp-json\/wp\/v2\/users\/1"}],"replies":[{"embeddable":true,"href":"https:\/\/kruszynek.eu\/index.php\/wp-json\/wp\/v2\/comments?post=693"}],"version-history":[{"count":1,"href":"https:\/\/kruszynek.eu\/index.php\/wp-json\/wp\/v2\/pages\/693\/revisions"}],"predecessor-version":[{"id":694,"href":"https:\/\/kruszynek.eu\/index.php\/wp-json\/wp\/v2\/pages\/693\/revisions\/694"}],"wp:attachment":[{"href":"https:\/\/kruszynek.eu\/index.php\/wp-json\/wp\/v2\/media?parent=693"}],"curies":[{"name":"wp","href":"https:\/\/api.w.org\/{rel}","templated":true}]}}